{"id":3933,"date":"2021-04-22T13:45:31","date_gmt":"2021-04-22T13:45:31","guid":{"rendered":"https:\/\/mb-dev.online\/huwa\/produits\/manchons-de-reparation\/insert\/"},"modified":"2022-07-05T13:15:53","modified_gmt":"2022-07-05T13:15:53","slug":"insert","status":"publish","type":"page","link":"https:\/\/www.romacon.com\/fr\/produits\/manchons-de-reparation\/insert\/","title":{"rendered":"Insert"},"content":{"rendered":"<p>[et_pb_section fb_built=\u00a0\u00bb1&Prime; admin_label=\u00a0\u00bbHeader\u00a0\u00bb module_class=\u00a0\u00bbhome3-header\u00a0\u00bb _builder_version=\u00a0\u00bb4.16&Prime; background_color=\u00a0\u00bbrgba(0,0,0,0)\u00a0\u00bb use_background_color_gradient=\u00a0\u00bbon\u00a0\u00bb background_color_gradient_stops=\u00a0\u00bbrgba(136,136,136,0.81) 100%|rgba(0,0,0,0) 100%\u00a0\u00bb background_color_gradient_overlays_image=\u00a0\u00bbon\u00a0\u00bb background_color_gradient_start=\u00a0\u00bbrgba(136,136,136,0.81)\u00a0\u00bb background_color_gradient_start_position=\u00a0\u00bb100%\u00a0\u00bb background_color_gradient_end=\u00a0\u00bbrgba(0,0,0,0)\u00a0\u00bb background_image=\u00a0\u00bbhttps:\/\/www.romacon.com\/wp-content\/uploads\/2021\/03\/HUWA-bedrijfspand.jpg\u00a0\u00bb background_enable_video_mp4=\u00a0\u00bboff\u00a0\u00bb custom_margin=\u00a0\u00bb||||false\u00a0\u00bb custom_padding=\u00a0\u00bb3vw||3vw||false|false\u00a0\u00bb locked=\u00a0\u00bboff\u00a0\u00bb global_colors_info=\u00a0\u00bb{}\u00a0\u00bb][et_pb_row use_custom_gutter=\u00a0\u00bbon\u00a0\u00bb gutter_width=\u00a0\u00bb1&Prime; _builder_version=\u00a0\u00bb4.16&Prime; width=\u00a0\u00bb100%\u00a0\u00bb max_width=\u00a0\u00bb70%\u00a0\u00bb module_alignment=\u00a0\u00bbcenter\u00a0\u00bb custom_margin=\u00a0\u00bb||||false|false\u00a0\u00bb use_custom_width=\u00a0\u00bbon\u00a0\u00bb custom_width_px=\u00a0\u00bb700px\u00a0\u00bb global_colors_info=\u00a0\u00bb{}\u00a0\u00bb][et_pb_column type=\u00a0\u00bb4_4&Prime; _builder_version=\u00a0\u00bb4.16&Prime; custom_padding=\u00a0\u00bb|||\u00a0\u00bb global_colors_info=\u00a0\u00bb{}\u00a0\u00bb custom_padding__hover=\u00a0\u00bb|||\u00a0\u00bb][et_pb_text _builder_version=\u00a0\u00bb4.17.4&Prime; text_font=\u00a0\u00bb||||||||\u00a0\u00bb header_font=\u00a0\u00bb|700|||||||\u00a0\u00bb header_font_size=\u00a0\u00bb48px\u00a0\u00bb header_line_height=\u00a0\u00bb1.5em\u00a0\u00bb header_3_font=\u00a0\u00bb|700|||||||\u00a0\u00bb header_3_text_color=\u00a0\u00bb#0DB14B\u00a0\u00bb header_3_font_size=\u00a0\u00bb14px\u00a0\u00bb header_3_letter_spacing=\u00a0\u00bb2px\u00a0\u00bb header_3_line_height=\u00a0\u00bb2em\u00a0\u00bb background_layout=\u00a0\u00bbdark\u00a0\u00bb hover_enabled=\u00a0\u00bb0&Prime; header_font_size_tablet=\u00a0\u00bb38px\u00a0\u00bb header_font_size_phone=\u00a0\u00bb28px\u00a0\u00bb header_font_size_last_edited=\u00a0\u00bbon|phone\u00a0\u00bb global_colors_info=\u00a0\u00bb{}\u00a0\u00bb sticky_enabled=\u00a0\u00bb0&Prime;]<\/p>\n<h3>Romacon acier inoxydable<\/h3>\n<h1>Insert<\/h1>\n<p>[\/et_pb_text][et_pb_divider color=\u00a0\u00bb#0DB14B\u00a0\u00bb divider_weight=\u00a0\u00bb4px\u00a0\u00bb _builder_version=\u00a0\u00bb4.17.4&Prime; max_width=\u00a0\u00bb140px\u00a0\u00bb module_alignment=\u00a0\u00bbleft\u00a0\u00bb height=\u00a0\u00bb4px\u00a0\u00bb hover_enabled=\u00a0\u00bb0&Prime; global_colors_info=\u00a0\u00bb{}\u00a0\u00bb sticky_enabled=\u00a0\u00bb0&Prime;][\/et_pb_divider][\/et_pb_column][\/et_pb_row][\/et_pb_section][et_pb_section fb_built=\u00a0\u00bb1&Prime; admin_label=\u00a0\u00bbContact Info\u00a0\u00bb module_class=\u00a0\u00bbproduct-rij-home3&Prime; _builder_version=\u00a0\u00bb4.16&Prime; global_colors_info=\u00a0\u00bb{}\u00a0\u00bb][et_pb_row column_structure=\u00a0\u00bb2_5,3_5&Prime; _builder_version=\u00a0\u00bb4.16&Prime; background_color=\u00a0\u00bb#ffffff\u00a0\u00bb width=\u00a0\u00bb100%\u00a0\u00bb max_width=\u00a0\u00bb70%\u00a0\u00bb max_width_tablet=\u00a0\u00bb\u00a0\u00bb max_width_phone=\u00a0\u00bb90%\u00a0\u00bb max_width_last_edited=\u00a0\u00bbon|phone\u00a0\u00bb custom_margin=\u00a0\u00bb||||false|false\u00a0\u00bb custom_padding=\u00a0\u00bb30px|40px|30px|40px|true|true\u00a0\u00bb animation_style=\u00a0\u00bbzoom\u00a0\u00bb animation_intensity_zoom=\u00a0\u00bb20%\u00a0\u00bb border_width_all=\u00a0\u00bb3px\u00a0\u00bb border_color_all=\u00a0\u00bb#eff5f7&Prime; box_shadow_style=\u00a0\u00bbpreset3&Prime; box_shadow_vertical=\u00a0\u00bb40px\u00a0\u00bb box_shadow_blur=\u00a0\u00bb60px\u00a0\u00bb box_shadow_spread=\u00a0\u00bb-10px\u00a0\u00bb box_shadow_color=\u00a0\u00bbrgba(0,0,0,0.03)\u00a0\u00bb use_custom_width=\u00a0\u00bbon\u00a0\u00bb custom_width_px=\u00a0\u00bb1280px\u00a0\u00bb global_colors_info=\u00a0\u00bb{}\u00a0\u00bb][et_pb_column type=\u00a0\u00bb2_5&Prime; _builder_version=\u00a0\u00bb4.16&Prime; custom_padding=\u00a0\u00bb|||\u00a0\u00bb global_colors_info=\u00a0\u00bb{}\u00a0\u00bb custom_padding__hover=\u00a0\u00bb|||\u00a0\u00bb][et_pb_image src=\u00a0\u00bbhttps:\/\/www.romacon.com\/wp-content\/uploads\/2022\/06\/Romacon-roestvaststalen-insert.jpg\u00a0\u00bb alt=\u00a0\u00bbRomacon-insert\u00a0\u00bb title_text=\u00a0\u00bbRomacon-insert\u00a0\u00bb _builder_version=\u00a0\u00bb4.17.4&Prime; _module_preset=\u00a0\u00bbdefault\u00a0\u00bb width=\u00a0\u00bb100%\u00a0\u00bb hover_enabled=\u00a0\u00bb0&Prime; global_colors_info=\u00a0\u00bb{}\u00a0\u00bb sticky_enabled=\u00a0\u00bb0&Prime;][\/et_pb_image][\/et_pb_column][et_pb_column type=\u00a0\u00bb3_5&Prime; _builder_version=\u00a0\u00bb4.16&Prime; custom_padding=\u00a0\u00bb|||\u00a0\u00bb global_colors_info=\u00a0\u00bb{}\u00a0\u00bb custom_padding__hover=\u00a0\u00bb|||\u00a0\u00bb][et_pb_text _builder_version=\u00a0\u00bb4.17.4&Prime; _module_preset=\u00a0\u00bbdefault\u00a0\u00bb link_font=\u00a0\u00bb|700|||||||\u00a0\u00bb hover_enabled=\u00a0\u00bb0&Prime; global_colors_info=\u00a0\u00bb{}\u00a0\u00bb sticky_enabled=\u00a0\u00bb0&Prime;]<\/p>\n<h2><strong>Insert<\/strong><\/h2>\n<p>Romacon Insert-Renfort est en acier inoxydable et est con\u00e7us pour renforcer les extr\u00e9mit\u00e9s des tubes.<\/p>\n<p>En pratique:<\/p>\n<p>Romacon Insert-Renfort est en acier inoxydable et est con\u00e7us pour renforcer les extr\u00e9mit\u00e9s des tubes. Ils soutiennent les tubes en PE et PVC en cas d`utilisation de manchons ou de brides pour le raccordement de ces tubes.<br \/>\nInsert-Renfort est fourni avec une cale d appui. Une paroi mince de renfort ne r\u00e9duit pas le flux du liquide dans le tuyau. La paroi mince de l&rsquo;insert est sp\u00e9cialement con\u00e7ue pour le stockage d&rsquo;obstruction de l&rsquo;\u00e9coulement du milieu.<\/p>\n<p>Le Gekave Insert-Renfort est produit en acier inox AISI 304 ou AISI 316.<\/p>\n<p>[\/et_pb_text][et_pb_button button_url=\u00a0\u00bb@ET-DC@eyJkeW5hbWljIjp0cnVlLCJjb250ZW50IjoicG9zdF9saW5rX3VybF9hdHRhY2htZW50Iiwic2V0dGluZ3MiOnsicG9zdF9pZCI6IjcwNzIifX0=@\u00a0\u00bb url_new_window=\u00a0\u00bbon\u00a0\u00bb button_text=\u00a0\u00bbT\u00e9l\u00e9charger la brochure compl\u00e8te\u00a0\u00bb _builder_version=\u00a0\u00bb4.17.4&Prime; _dynamic_attributes=\u00a0\u00bbbutton_url\u00a0\u00bb _module_preset=\u00a0\u00bbdefault\u00a0\u00bb custom_button=\u00a0\u00bbon\u00a0\u00bb button_text_size=\u00a0\u00bb15px\u00a0\u00bb button_text_color=\u00a0\u00bb#0DB14B\u00a0\u00bb button_border_width=\u00a0\u00bb0px\u00a0\u00bb button_font=\u00a0\u00bb|700|||||||\u00a0\u00bb custom_margin=\u00a0\u00bb-2px|||||\u00a0\u00bb locked=\u00a0\u00bboff\u00a0\u00bb global_colors_info=\u00a0\u00bb{}\u00a0\u00bb hover_enabled=\u00a0\u00bb0&Prime; sticky_enabled=\u00a0\u00bb0&Prime;][\/et_pb_button][et_pb_button button_url=\u00a0\u00bb@ET-DC@eyJkeW5hbWljIjp0cnVlLCJjb250ZW50IjoicG9zdF9saW5rX3VybF9wYWdlIiwic2V0dGluZ3MiOnsicG9zdF9pZCI6IjIzMTkifX0=@\u00a0\u00bb button_text=\u00a0\u00bbContactez-nous\u00a0\u00bb button_alignment=\u00a0\u00bbleft\u00a0\u00bb _builder_version=\u00a0\u00bb4.16&Prime; _dynamic_attributes=\u00a0\u00bbbutton_url\u00a0\u00bb custom_button=\u00a0\u00bbon\u00a0\u00bb button_text_size=\u00a0\u00bb12px\u00a0\u00bb button_text_color=\u00a0\u00bb#ffffff\u00a0\u00bb button_bg_color=\u00a0\u00bb#0DB14B\u00a0\u00bb button_border_color=\u00a0\u00bbrgba(0,0,0,0)\u00a0\u00bb button_border_radius=\u00a0\u00bb0px\u00a0\u00bb button_letter_spacing=\u00a0\u00bb2px\u00a0\u00bb button_font=\u00a0\u00bb|700||on|||||\u00a0\u00bb button_use_icon=\u00a0\u00bboff\u00a0\u00bb custom_padding=\u00a0\u00bb16px|32px|16px|32px|true|true\u00a0\u00bb box_shadow_style=\u00a0\u00bbpreset1&Prime; box_shadow_spread=\u00a0\u00bb-8px\u00a0\u00bb box_shadow_color=\u00a0\u00bb#686868&Prime; button_letter_spacing_hover=\u00a0\u00bb2px\u00a0\u00bb locked=\u00a0\u00bboff\u00a0\u00bb global_colors_info=\u00a0\u00bb{}\u00a0\u00bb button_text_size__hover_enabled=\u00a0\u00bboff\u00a0\u00bb button_one_text_size__hover_enabled=\u00a0\u00bboff\u00a0\u00bb button_two_text_size__hover_enabled=\u00a0\u00bboff\u00a0\u00bb button_text_color__hover_enabled=\u00a0\u00bbon|hover\u00a0\u00bb button_one_text_color__hover_enabled=\u00a0\u00bboff\u00a0\u00bb button_two_text_color__hover_enabled=\u00a0\u00bboff\u00a0\u00bb button_border_width__hover_enabled=\u00a0\u00bboff\u00a0\u00bb button_one_border_width__hover_enabled=\u00a0\u00bboff\u00a0\u00bb button_two_border_width__hover_enabled=\u00a0\u00bboff\u00a0\u00bb button_border_color__hover_enabled=\u00a0\u00bboff\u00a0\u00bb button_one_border_color__hover_enabled=\u00a0\u00bboff\u00a0\u00bb button_two_border_color__hover_enabled=\u00a0\u00bboff\u00a0\u00bb button_border_radius__hover_enabled=\u00a0\u00bboff\u00a0\u00bb button_one_border_radius__hover_enabled=\u00a0\u00bboff\u00a0\u00bb button_two_border_radius__hover_enabled=\u00a0\u00bboff\u00a0\u00bb button_letter_spacing__hover_enabled=\u00a0\u00bbon\u00a0\u00bb button_letter_spacing__hover=\u00a0\u00bb2px\u00a0\u00bb button_one_letter_spacing__hover_enabled=\u00a0\u00bboff\u00a0\u00bb button_two_letter_spacing__hover_enabled=\u00a0\u00bboff\u00a0\u00bb button_bg_color__hover_enabled=\u00a0\u00bbon|hover\u00a0\u00bb button_one_bg_color__hover_enabled=\u00a0\u00bboff\u00a0\u00bb button_two_bg_color__hover_enabled=\u00a0\u00bboff\u00a0\u00bb button_text_color__hover=\u00a0\u00bb#0DB14B\u00a0\u00bb button_bg_color__hover=\u00a0\u00bb#FFFFFF\u00a0\u00bb][\/et_pb_button][\/et_pb_column][\/et_pb_row][et_pb_row _builder_version=\u00a0\u00bb4.16&Prime; _module_preset=\u00a0\u00bbdefault\u00a0\u00bb locked=\u00a0\u00bboff\u00a0\u00bb global_colors_info=\u00a0\u00bb{}\u00a0\u00bb][et_pb_column type=\u00a0\u00bb4_4&Prime; _builder_version=\u00a0\u00bb4.16&Prime; _module_preset=\u00a0\u00bbdefault\u00a0\u00bb global_colors_info=\u00a0\u00bb{}\u00a0\u00bb][et_pb_button button_url=\u00a0\u00bb@ET-DC@eyJkeW5hbWljIjp0cnVlLCJjb250ZW50IjoicG9zdF9saW5rX3VybF9wYWdlIiwic2V0dGluZ3MiOnsicG9zdF9pZCI6IjIzMjIifX0=@\u00a0\u00bb button_text=\u00a0\u00bbretour \u00e0 l&#039;aper\u00e7u\u00a0\u00bb button_alignment=\u00a0\u00bbcenter\u00a0\u00bb _builder_version=\u00a0\u00bb4.16&Prime; _dynamic_attributes=\u00a0\u00bbbutton_url\u00a0\u00bb custom_button=\u00a0\u00bbon\u00a0\u00bb button_text_size=\u00a0\u00bb12px\u00a0\u00bb button_text_color=\u00a0\u00bb#ffffff\u00a0\u00bb button_bg_color=\u00a0\u00bb#0DB14B\u00a0\u00bb button_border_color=\u00a0\u00bbrgba(0,0,0,0)\u00a0\u00bb button_border_radius=\u00a0\u00bb0px\u00a0\u00bb button_letter_spacing=\u00a0\u00bb2px\u00a0\u00bb button_font=\u00a0\u00bb|700||on|||||\u00a0\u00bb button_use_icon=\u00a0\u00bboff\u00a0\u00bb custom_padding=\u00a0\u00bb16px|32px|16px|32px|true|true\u00a0\u00bb box_shadow_style=\u00a0\u00bbpreset1&Prime; box_shadow_spread=\u00a0\u00bb-8px\u00a0\u00bb box_shadow_color=\u00a0\u00bb#686868&Prime; button_letter_spacing_hover=\u00a0\u00bb2px\u00a0\u00bb locked=\u00a0\u00bboff\u00a0\u00bb global_colors_info=\u00a0\u00bb{}\u00a0\u00bb button_text_size__hover_enabled=\u00a0\u00bboff\u00a0\u00bb button_one_text_size__hover_enabled=\u00a0\u00bboff\u00a0\u00bb button_two_text_size__hover_enabled=\u00a0\u00bboff\u00a0\u00bb button_text_color__hover_enabled=\u00a0\u00bbon|hover\u00a0\u00bb button_one_text_color__hover_enabled=\u00a0\u00bboff\u00a0\u00bb button_two_text_color__hover_enabled=\u00a0\u00bboff\u00a0\u00bb button_border_width__hover_enabled=\u00a0\u00bboff\u00a0\u00bb button_one_border_width__hover_enabled=\u00a0\u00bboff\u00a0\u00bb button_two_border_width__hover_enabled=\u00a0\u00bboff\u00a0\u00bb button_border_color__hover_enabled=\u00a0\u00bboff\u00a0\u00bb button_one_border_color__hover_enabled=\u00a0\u00bboff\u00a0\u00bb button_two_border_color__hover_enabled=\u00a0\u00bboff\u00a0\u00bb button_border_radius__hover_enabled=\u00a0\u00bboff\u00a0\u00bb button_one_border_radius__hover_enabled=\u00a0\u00bboff\u00a0\u00bb button_two_border_radius__hover_enabled=\u00a0\u00bboff\u00a0\u00bb button_letter_spacing__hover_enabled=\u00a0\u00bbon\u00a0\u00bb button_letter_spacing__hover=\u00a0\u00bb2px\u00a0\u00bb button_one_letter_spacing__hover_enabled=\u00a0\u00bboff\u00a0\u00bb button_two_letter_spacing__hover_enabled=\u00a0\u00bboff\u00a0\u00bb button_bg_color__hover_enabled=\u00a0\u00bbon|hover\u00a0\u00bb button_one_bg_color__hover_enabled=\u00a0\u00bboff\u00a0\u00bb button_two_bg_color__hover_enabled=\u00a0\u00bboff\u00a0\u00bb button_text_color__hover=\u00a0\u00bb#0DB14B\u00a0\u00bb button_bg_color__hover=\u00a0\u00bb#FFFFFF\u00a0\u00bb][\/et_pb_button][\/et_pb_column][\/et_pb_row][\/et_pb_section]<\/p>\n","protected":false},"excerpt":{"rendered":"<p>Romacon acier inoxydable InsertInsert Romacon Insert-Renfort est en acier inoxydable et est con\u00e7us pour renforcer les extr\u00e9mit\u00e9s des tubes. En pratique: Romacon Insert-Renfort est en acier inoxydable et est con\u00e7us pour renforcer les extr\u00e9mit\u00e9s des tubes. Ils soutiennent les tubes en PE et PVC en cas d`utilisation de manchons ou de brides pour le raccordement [&hellip;]<\/p>\n","protected":false},"author":1,"featured_media":0,"parent":3881,"menu_order":0,"comment_status":"closed","ping_status":"closed","template":"","meta":{"_et_pb_use_builder":"on","_et_pb_old_content":"","_et_gb_content_width":"","inline_featured_image":false,"footnotes":""},"class_list":["post-3933","page","type-page","status-publish","hentry"],"yoast_head":"<!-- This site is optimized with the Yoast SEO plugin v27.2 - https:\/\/yoast.com\/product\/yoast-seo-wordpress\/ -->\n<title>Insert - Romacon<\/title>\n<meta name=\"robots\" content=\"index, follow, max-snippet:-1, max-image-preview:large, max-video-preview:-1\" \/>\n<link rel=\"canonical\" href=\"https:\/\/www.romacon.com\/fr\/produits\/manchons-de-reparation\/insert\/\" \/>\n<meta property=\"og:locale\" content=\"fr_FR\" \/>\n<meta property=\"og:type\" content=\"article\" \/>\n<meta property=\"og:title\" content=\"Insert - Romacon\" \/>\n<meta property=\"og:description\" content=\"Romacon acier inoxydable InsertInsert Romacon Insert-Renfort est en acier inoxydable et est con\u00e7us pour renforcer les extr\u00e9mit\u00e9s des tubes. En pratique: Romacon Insert-Renfort est en acier inoxydable et est con\u00e7us pour renforcer les extr\u00e9mit\u00e9s des tubes. Ils soutiennent les tubes en PE et PVC en cas d`utilisation de manchons ou de brides pour le raccordement [&hellip;]\" \/>\n<meta property=\"og:url\" content=\"https:\/\/www.romacon.com\/fr\/produits\/manchons-de-reparation\/insert\/\" \/>\n<meta property=\"og:site_name\" content=\"Romacon\" \/>\n<meta property=\"article:modified_time\" content=\"2022-07-05T13:15:53+00:00\" \/>\n<meta name=\"twitter:card\" content=\"summary_large_image\" \/>\n<meta name=\"twitter:label1\" content=\"Dur\u00e9e de lecture estim\u00e9e\" \/>\n\t<meta name=\"twitter:data1\" content=\"6 minutes\" \/>\n<script type=\"application\/ld+json\" class=\"yoast-schema-graph\">{\"@context\":\"https:\/\/schema.org\",\"@graph\":[{\"@type\":\"WebPage\",\"@id\":\"https:\/\/www.romacon.com\/fr\/produits\/manchons-de-reparation\/insert\/\",\"url\":\"https:\/\/www.romacon.com\/fr\/produits\/manchons-de-reparation\/insert\/\",\"name\":\"Insert - Romacon\",\"isPartOf\":{\"@id\":\"https:\/\/www.romacon.com\/fr\/#website\"},\"datePublished\":\"2021-04-22T13:45:31+00:00\",\"dateModified\":\"2022-07-05T13:15:53+00:00\",\"breadcrumb\":{\"@id\":\"https:\/\/www.romacon.com\/fr\/produits\/manchons-de-reparation\/insert\/#breadcrumb\"},\"inLanguage\":\"fr-FR\",\"potentialAction\":[{\"@type\":\"ReadAction\",\"target\":[\"https:\/\/www.romacon.com\/fr\/produits\/manchons-de-reparation\/insert\/\"]}]},{\"@type\":\"BreadcrumbList\",\"@id\":\"https:\/\/www.romacon.com\/fr\/produits\/manchons-de-reparation\/insert\/#breadcrumb\",\"itemListElement\":[{\"@type\":\"ListItem\",\"position\":1,\"name\":\"Home\",\"item\":\"https:\/\/www.romacon.com\/fr\/accueil\/\"},{\"@type\":\"ListItem\",\"position\":2,\"name\":\"Produits\",\"item\":\"https:\/\/www.romacon.com\/fr\/produits\/\"},{\"@type\":\"ListItem\",\"position\":3,\"name\":\"Manchons de R\u00e9paration\",\"item\":\"https:\/\/www.romacon.com\/fr\/produits\/manchons-de-reparation\/\"},{\"@type\":\"ListItem\",\"position\":4,\"name\":\"Insert\"}]},{\"@type\":\"WebSite\",\"@id\":\"https:\/\/www.romacon.com\/fr\/#website\",\"url\":\"https:\/\/www.romacon.com\/fr\/\",\"name\":\"Romacon\",\"description\":\"Romacon\",\"potentialAction\":[{\"@type\":\"SearchAction\",\"target\":{\"@type\":\"EntryPoint\",\"urlTemplate\":\"https:\/\/www.romacon.com\/fr\/?s={search_term_string}\"},\"query-input\":{\"@type\":\"PropertyValueSpecification\",\"valueRequired\":true,\"valueName\":\"search_term_string\"}}],\"inLanguage\":\"fr-FR\"}]}<\/script>\n<!-- \/ Yoast SEO plugin. -->","yoast_head_json":{"title":"Insert - Romacon","robots":{"index":"index","follow":"follow","max-snippet":"max-snippet:-1","max-image-preview":"max-image-preview:large","max-video-preview":"max-video-preview:-1"},"canonical":"https:\/\/www.romacon.com\/fr\/produits\/manchons-de-reparation\/insert\/","og_locale":"fr_FR","og_type":"article","og_title":"Insert - Romacon","og_description":"Romacon acier inoxydable InsertInsert Romacon Insert-Renfort est en acier inoxydable et est con\u00e7us pour renforcer les extr\u00e9mit\u00e9s des tubes. En pratique: Romacon Insert-Renfort est en acier inoxydable et est con\u00e7us pour renforcer les extr\u00e9mit\u00e9s des tubes. Ils soutiennent les tubes en PE et PVC en cas d`utilisation de manchons ou de brides pour le raccordement [&hellip;]","og_url":"https:\/\/www.romacon.com\/fr\/produits\/manchons-de-reparation\/insert\/","og_site_name":"Romacon","article_modified_time":"2022-07-05T13:15:53+00:00","twitter_card":"summary_large_image","twitter_misc":{"Dur\u00e9e de lecture estim\u00e9e":"6 minutes"},"schema":{"@context":"https:\/\/schema.org","@graph":[{"@type":"WebPage","@id":"https:\/\/www.romacon.com\/fr\/produits\/manchons-de-reparation\/insert\/","url":"https:\/\/www.romacon.com\/fr\/produits\/manchons-de-reparation\/insert\/","name":"Insert - Romacon","isPartOf":{"@id":"https:\/\/www.romacon.com\/fr\/#website"},"datePublished":"2021-04-22T13:45:31+00:00","dateModified":"2022-07-05T13:15:53+00:00","breadcrumb":{"@id":"https:\/\/www.romacon.com\/fr\/produits\/manchons-de-reparation\/insert\/#breadcrumb"},"inLanguage":"fr-FR","potentialAction":[{"@type":"ReadAction","target":["https:\/\/www.romacon.com\/fr\/produits\/manchons-de-reparation\/insert\/"]}]},{"@type":"BreadcrumbList","@id":"https:\/\/www.romacon.com\/fr\/produits\/manchons-de-reparation\/insert\/#breadcrumb","itemListElement":[{"@type":"ListItem","position":1,"name":"Home","item":"https:\/\/www.romacon.com\/fr\/accueil\/"},{"@type":"ListItem","position":2,"name":"Produits","item":"https:\/\/www.romacon.com\/fr\/produits\/"},{"@type":"ListItem","position":3,"name":"Manchons de R\u00e9paration","item":"https:\/\/www.romacon.com\/fr\/produits\/manchons-de-reparation\/"},{"@type":"ListItem","position":4,"name":"Insert"}]},{"@type":"WebSite","@id":"https:\/\/www.romacon.com\/fr\/#website","url":"https:\/\/www.romacon.com\/fr\/","name":"Romacon","description":"Romacon","potentialAction":[{"@type":"SearchAction","target":{"@type":"EntryPoint","urlTemplate":"https:\/\/www.romacon.com\/fr\/?s={search_term_string}"},"query-input":{"@type":"PropertyValueSpecification","valueRequired":true,"valueName":"search_term_string"}}],"inLanguage":"fr-FR"}]}},"_links":{"self":[{"href":"https:\/\/www.romacon.com\/fr\/wp-json\/wp\/v2\/pages\/3933","targetHints":{"allow":["GET"]}}],"collection":[{"href":"https:\/\/www.romacon.com\/fr\/wp-json\/wp\/v2\/pages"}],"about":[{"href":"https:\/\/www.romacon.com\/fr\/wp-json\/wp\/v2\/types\/page"}],"author":[{"embeddable":true,"href":"https:\/\/www.romacon.com\/fr\/wp-json\/wp\/v2\/users\/1"}],"replies":[{"embeddable":true,"href":"https:\/\/www.romacon.com\/fr\/wp-json\/wp\/v2\/comments?post=3933"}],"version-history":[{"count":12,"href":"https:\/\/www.romacon.com\/fr\/wp-json\/wp\/v2\/pages\/3933\/revisions"}],"predecessor-version":[{"id":7372,"href":"https:\/\/www.romacon.com\/fr\/wp-json\/wp\/v2\/pages\/3933\/revisions\/7372"}],"up":[{"embeddable":true,"href":"https:\/\/www.romacon.com\/fr\/wp-json\/wp\/v2\/pages\/3881"}],"wp:attachment":[{"href":"https:\/\/www.romacon.com\/fr\/wp-json\/wp\/v2\/media?parent=3933"}],"curies":[{"name":"wp","href":"https:\/\/api.w.org\/{rel}","templated":true}]}}