{"id":4281,"date":"2021-04-29T09:21:20","date_gmt":"2021-04-29T09:21:20","guid":{"rendered":"https:\/\/mb-dev.online\/huwa\/productos\/las-abrazaderas-de-reparacion\/split-barrel\/"},"modified":"2022-07-05T14:04:03","modified_gmt":"2022-07-05T14:04:03","slug":"split-barrel","status":"publish","type":"page","link":"https:\/\/www.romacon.com\/es\/productos\/las-abrazaderas-de-reparacion\/split-barrel\/","title":{"rendered":"Split Barrel"},"content":{"rendered":"<p>[et_pb_section fb_built=\u00bb1&#8243; admin_label=\u00bbHeader\u00bb module_class=\u00bbhome3-header\u00bb _builder_version=\u00bb4.16&#8243; background_color=\u00bbrgba(0,0,0,0)\u00bb use_background_color_gradient=\u00bbon\u00bb background_color_gradient_stops=\u00bbrgba(136,136,136,0.81) 100%|rgba(0,0,0,0) 100%\u00bb background_color_gradient_overlays_image=\u00bbon\u00bb background_color_gradient_start=\u00bbrgba(136,136,136,0.81)\u00bb background_color_gradient_start_position=\u00bb100%\u00bb background_color_gradient_end=\u00bbrgba(0,0,0,0)\u00bb background_image=\u00bbhttps:\/\/www.romacon.com\/wp-content\/uploads\/2021\/03\/HUWA-bedrijfspand.jpg\u00bb background_enable_video_mp4=\u00bboff\u00bb custom_margin=\u00bb||||false\u00bb custom_padding=\u00bb3vw||3vw||false|false\u00bb locked=\u00bboff\u00bb global_colors_info=\u00bb{}\u00bb][et_pb_row use_custom_gutter=\u00bbon\u00bb gutter_width=\u00bb1&#8243; _builder_version=\u00bb4.16&#8243; width=\u00bb100%\u00bb max_width=\u00bb70%\u00bb module_alignment=\u00bbcenter\u00bb custom_margin=\u00bb||||false|false\u00bb use_custom_width=\u00bbon\u00bb custom_width_px=\u00bb700px\u00bb global_colors_info=\u00bb{}\u00bb][et_pb_column type=\u00bb4_4&#8243; _builder_version=\u00bb4.16&#8243; custom_padding=\u00bb|||\u00bb global_colors_info=\u00bb{}\u00bb custom_padding__hover=\u00bb|||\u00bb][et_pb_text _builder_version=\u00bb4.17.4&#8243; text_font=\u00bb||||||||\u00bb header_font=\u00bb|700|||||||\u00bb header_font_size=\u00bb48px\u00bb header_line_height=\u00bb1.5em\u00bb header_3_font=\u00bb|700|||||||\u00bb header_3_text_color=\u00bb#0DB14B\u00bb header_3_font_size=\u00bb14px\u00bb header_3_letter_spacing=\u00bb2px\u00bb header_3_line_height=\u00bb2em\u00bb background_layout=\u00bbdark\u00bb header_font_size_tablet=\u00bb38px\u00bb header_font_size_phone=\u00bb28px\u00bb header_font_size_last_edited=\u00bbon|phone\u00bb global_colors_info=\u00bb{}\u00bb]<\/p>\n<h3>Romacon<\/h3>\n<h1>Split Barrel<\/h1>\n<p>[\/et_pb_text][et_pb_divider color=\u00bb#0DB14B\u00bb divider_weight=\u00bb4px\u00bb _builder_version=\u00bb4.17.4&#8243; max_width=\u00bb140px\u00bb module_alignment=\u00bbleft\u00bb height=\u00bb4px\u00bb global_colors_info=\u00bb{}\u00bb][\/et_pb_divider][\/et_pb_column][\/et_pb_row][\/et_pb_section][et_pb_section fb_built=\u00bb1&#8243; admin_label=\u00bbContact Info\u00bb module_class=\u00bbproduct-rij-home3&#8243; _builder_version=\u00bb4.16&#8243; global_colors_info=\u00bb{}\u00bb][et_pb_row column_structure=\u00bb2_5,3_5&#8243; _builder_version=\u00bb4.16&#8243; background_color=\u00bb#ffffff\u00bb width=\u00bb100%\u00bb max_width=\u00bb70%\u00bb max_width_tablet=\u00bb\u00bb max_width_phone=\u00bb90%\u00bb max_width_last_edited=\u00bbon|phone\u00bb custom_margin=\u00bb||||false|false\u00bb custom_padding=\u00bb30px|40px|30px|40px|true|true\u00bb animation_style=\u00bbzoom\u00bb animation_intensity_zoom=\u00bb20%\u00bb border_width_all=\u00bb3px\u00bb border_color_all=\u00bb#eff5f7&#8243; box_shadow_style=\u00bbpreset3&#8243; box_shadow_vertical=\u00bb40px\u00bb box_shadow_blur=\u00bb60px\u00bb box_shadow_spread=\u00bb-10px\u00bb box_shadow_color=\u00bbrgba(0,0,0,0.03)\u00bb use_custom_width=\u00bbon\u00bb custom_width_px=\u00bb1280px\u00bb global_colors_info=\u00bb{}\u00bb][et_pb_column type=\u00bb2_5&#8243; _builder_version=\u00bb4.16&#8243; custom_padding=\u00bb|||\u00bb global_colors_info=\u00bb{}\u00bb custom_padding__hover=\u00bb|||\u00bb][et_pb_image src=\u00bbhttps:\/\/www.romacon.com\/wp-content\/uploads\/2022\/06\/Romacon-Split-barrel.jpg\u00bb alt=\u00bbRomacon Split Barrel\u00bb title_text=\u00bbRomacon Split Barrel\u00bb _builder_version=\u00bb4.17.4&#8243; _module_preset=\u00bbdefault\u00bb width=\u00bb100%\u00bb global_colors_info=\u00bb{}\u00bb][\/et_pb_image][\/et_pb_column][et_pb_column type=\u00bb3_5&#8243; _builder_version=\u00bb4.16&#8243; custom_padding=\u00bb|||\u00bb global_colors_info=\u00bb{}\u00bb custom_padding__hover=\u00bb|||\u00bb][et_pb_text _builder_version=\u00bb4.17.4&#8243; _module_preset=\u00bbdefault\u00bb link_font=\u00bb|700|||||||\u00bb global_colors_info=\u00bb{}\u00bb]<\/p>\n<h2><strong>Split Barrel<\/strong><\/h2>\n<p>La abrazadera de reparaci\u00f3n de barrilete dividido Romacon se utiliza para reparar acoplamientos con fugas, acoplamientos de AC rotos, conexiones de juntas de campana con fugas y tuber\u00edas de alta presi\u00f3n.<\/p>\n<p><strong>para agua, gas y fluidos petroqu\u00edmicos.<\/strong><\/p>\n<p>Aplicaci\u00f3n:<\/p>\n<p>Con al abrazadera de reparaci\u00f3n de barrilete dividido se puede reparar la tuber\u00eda sin quitar el acoplamiento roto.<br \/>\nAdem\u00e1s, se puede instalar f\u00e1cilmente incluso en casos complicados y con mucha humedad. No se necesitan herramientas especiales, solo una llave dinamom\u00e9trica.<br \/>\nLa abrazadera resulta adecuada para presiones de hasta 40 bar y en tuber\u00edas con di\u00e1metros de hasta 1500 mm y con longitudes de hasta 5.000 mm.<\/p>\n<p>[\/et_pb_text][et_pb_button button_url=\u00bb@ET-DC@eyJkeW5hbWljIjp0cnVlLCJjb250ZW50IjoicG9zdF9saW5rX3VybF9hdHRhY2htZW50Iiwic2V0dGluZ3MiOnsicG9zdF9pZCI6IjcyNDkifX0=@\u00bb url_new_window=\u00bbon\u00bb button_text=\u00bbDescargar folleto completo\u00bb _builder_version=\u00bb4.17.4&#8243; _dynamic_attributes=\u00bbbutton_url\u00bb _module_preset=\u00bbdefault\u00bb custom_button=\u00bbon\u00bb button_text_size=\u00bb15px\u00bb button_text_color=\u00bb#0DB14B\u00bb button_border_width=\u00bb0px\u00bb button_font=\u00bb|700|||||||\u00bb custom_margin=\u00bb-2px|||||\u00bb hover_enabled=\u00bb0&#8243; locked=\u00bboff\u00bb global_colors_info=\u00bb{}\u00bb sticky_enabled=\u00bb0&#8243;][\/et_pb_button][et_pb_button button_url=\u00bb@ET-DC@eyJkeW5hbWljIjp0cnVlLCJjb250ZW50IjoicG9zdF9saW5rX3VybF9wYWdlIiwic2V0dGluZ3MiOnsicG9zdF9pZCI6IjIzMTkifX0=@\u00bb button_text=\u00bbCont\u00e1ctenos\u00bb button_alignment=\u00bbleft\u00bb _builder_version=\u00bb4.16&#8243; _dynamic_attributes=\u00bbbutton_url\u00bb custom_button=\u00bbon\u00bb button_text_size=\u00bb12px\u00bb button_text_color=\u00bb#ffffff\u00bb button_bg_color=\u00bb#0DB14B\u00bb button_border_color=\u00bbrgba(0,0,0,0)\u00bb button_border_radius=\u00bb0px\u00bb button_letter_spacing=\u00bb2px\u00bb button_font=\u00bb|700||on|||||\u00bb button_use_icon=\u00bboff\u00bb custom_padding=\u00bb16px|32px|16px|32px|true|true\u00bb box_shadow_style=\u00bbpreset1&#8243; box_shadow_spread=\u00bb-8px\u00bb box_shadow_color=\u00bb#686868&#8243; button_letter_spacing_hover=\u00bb2px\u00bb locked=\u00bboff\u00bb global_colors_info=\u00bb{}\u00bb button_text_size__hover_enabled=\u00bboff\u00bb button_one_text_size__hover_enabled=\u00bboff\u00bb button_two_text_size__hover_enabled=\u00bboff\u00bb button_text_color__hover_enabled=\u00bbon|hover\u00bb button_one_text_color__hover_enabled=\u00bboff\u00bb button_two_text_color__hover_enabled=\u00bboff\u00bb button_border_width__hover_enabled=\u00bboff\u00bb button_one_border_width__hover_enabled=\u00bboff\u00bb button_two_border_width__hover_enabled=\u00bboff\u00bb button_border_color__hover_enabled=\u00bboff\u00bb button_one_border_color__hover_enabled=\u00bboff\u00bb button_two_border_color__hover_enabled=\u00bboff\u00bb button_border_radius__hover_enabled=\u00bboff\u00bb button_one_border_radius__hover_enabled=\u00bboff\u00bb button_two_border_radius__hover_enabled=\u00bboff\u00bb button_letter_spacing__hover_enabled=\u00bbon\u00bb button_letter_spacing__hover=\u00bb2px\u00bb button_one_letter_spacing__hover_enabled=\u00bboff\u00bb button_two_letter_spacing__hover_enabled=\u00bboff\u00bb button_bg_color__hover_enabled=\u00bbon|hover\u00bb button_one_bg_color__hover_enabled=\u00bboff\u00bb button_two_bg_color__hover_enabled=\u00bboff\u00bb button_text_color__hover=\u00bb#0DB14B\u00bb button_bg_color__hover=\u00bb#FFFFFF\u00bb][\/et_pb_button][\/et_pb_column][\/et_pb_row][\/et_pb_section][et_pb_section fb_built=\u00bb1&#8243; admin_label=\u00bbContact Info\u00bb module_class=\u00bbproduct-rij-home3&#8243; _builder_version=\u00bb4.16&#8243; custom_padding=\u00bb0px|||||\u00bb global_colors_info=\u00bb{}\u00bb][et_pb_row column_structure=\u00bb1_2,1_2&#8243; _builder_version=\u00bb4.16&#8243; background_color=\u00bb#ffffff\u00bb width=\u00bb100%\u00bb max_width=\u00bb70%\u00bb max_width_tablet=\u00bb\u00bb max_width_phone=\u00bb90%\u00bb max_width_last_edited=\u00bbon|phone\u00bb custom_margin=\u00bb-4px|auto||auto||\u00bb custom_padding=\u00bb30px|40px|30px|40px|true|true\u00bb animation_style=\u00bbzoom\u00bb animation_intensity_zoom=\u00bb20%\u00bb border_width_all=\u00bb3px\u00bb border_color_all=\u00bb#eff5f7&#8243; box_shadow_style=\u00bbpreset3&#8243; box_shadow_vertical=\u00bb40px\u00bb box_shadow_blur=\u00bb60px\u00bb box_shadow_spread=\u00bb-10px\u00bb box_shadow_color=\u00bbrgba(0,0,0,0.03)\u00bb use_custom_width=\u00bbon\u00bb custom_width_px=\u00bb1280px\u00bb global_colors_info=\u00bb{}\u00bb][et_pb_column type=\u00bb1_2&#8243; _builder_version=\u00bb4.16&#8243; custom_padding=\u00bb|||\u00bb global_colors_info=\u00bb{}\u00bb custom_padding__hover=\u00bb|||\u00bb][et_pb_text _builder_version=\u00bb4.16&#8243; _module_preset=\u00bbdefault\u00bb global_colors_info=\u00bb{}\u00bb]<\/p>\n<p><strong>Pedidos y consultas de precios:<\/strong><br \/>P\u00f3ngase en contacto con nuestro departamento de ventas y cumplimente el \u201cFormulario de solicitud de tama\u00f1os de barrilete dividido\u201d. Este formulario nos proporciona todos los datos necesarios para elaborar el presupuesto y, posteriormente, fabricar el producto.<br \/>\nNecesitaremos conocer el di\u00e1metro de la tuber\u00eda, la situaci\u00f3n de la reparaci\u00f3n, la presi\u00f3n y el medio, as\u00ed como la longitud necesaria.<\/p>\n<p>[\/et_pb_text][\/et_pb_column][et_pb_column type=\u00bb1_2&#8243; _builder_version=\u00bb4.16&#8243; custom_padding=\u00bb|||\u00bb global_colors_info=\u00bb{}\u00bb custom_padding__hover=\u00bb|||\u00bb][et_pb_text _builder_version=\u00bb4.16&#8243; _module_preset=\u00bbdefault\u00bb global_colors_info=\u00bb{}\u00bb]<strong>Descripci\u00f3n y especi\ufb01caciones de materiales:<\/strong><\/p>\n<ul>\n<li>Material: acero inoxidable AISI 304\/316.<\/li>\n<li>Pernos y tuercas: acero inoxidable AISI 340\/316 con revestimiento de PTFE, para evitar el gripado.<\/li>\n<li>Juntas de goma: de NBR o EPDM. Las juntas axiales se asientan en ranuras en cada una de las mitades del barrilete dividido.<br \/>\nSe sueldan franjas de retenci\u00f3n para evitar que la goma se salga durante la instalaci\u00f3n. El sellado radial inicial se obtiene apretando los pernos \ufb01nales de cada extremo del barrilete. <\/li>\n<li>Dependiendo del tama\u00f1o y del peso del producto, se proporcionar\u00e1 una construcci\u00f3n en forma de bisagra para levantar el barrilete dividido por encima de la tuber\u00eda. <\/li>\n<li>Se ha instalado una ranura de ventilaci\u00f3n para hacer pruebas y permitir que el medio escape durante la instalaci\u00f3n. No se incluye una v\u00e1lvula de ventilaci\u00f3n adecuada.<\/li>\n<\/ul>\n<p>[\/et_pb_text][\/et_pb_column][\/et_pb_row][et_pb_row _builder_version=\u00bb4.16&#8243; _module_preset=\u00bbdefault\u00bb global_colors_info=\u00bb{}\u00bb][et_pb_column type=\u00bb4_4&#8243; _builder_version=\u00bb4.16&#8243; _module_preset=\u00bbdefault\u00bb global_colors_info=\u00bb{}\u00bb][et_pb_button button_url=\u00bb@ET-DC@eyJkeW5hbWljIjp0cnVlLCJjb250ZW50IjoicG9zdF9saW5rX3VybF9wYWdlIiwic2V0dGluZ3MiOnsicG9zdF9pZCI6IjIzMjIifX0=@\u00bb button_text=\u00bbVolver a la vista\u00bb button_alignment=\u00bbcenter\u00bb _builder_version=\u00bb4.16&#8243; _dynamic_attributes=\u00bbbutton_url\u00bb custom_button=\u00bbon\u00bb button_text_size=\u00bb12px\u00bb button_text_color=\u00bb#ffffff\u00bb button_bg_color=\u00bb#0DB14B\u00bb button_border_color=\u00bbrgba(0,0,0,0)\u00bb button_border_radius=\u00bb0px\u00bb button_letter_spacing=\u00bb2px\u00bb button_font=\u00bb|700||on|||||\u00bb button_use_icon=\u00bboff\u00bb custom_padding=\u00bb16px|32px|16px|32px|true|true\u00bb box_shadow_style=\u00bbpreset1&#8243; box_shadow_spread=\u00bb-8px\u00bb box_shadow_color=\u00bb#686868&#8243; button_letter_spacing_hover=\u00bb2px\u00bb locked=\u00bboff\u00bb global_colors_info=\u00bb{}\u00bb button_text_size__hover_enabled=\u00bboff\u00bb button_one_text_size__hover_enabled=\u00bboff\u00bb button_two_text_size__hover_enabled=\u00bboff\u00bb button_text_color__hover_enabled=\u00bbon|hover\u00bb button_one_text_color__hover_enabled=\u00bboff\u00bb button_two_text_color__hover_enabled=\u00bboff\u00bb button_border_width__hover_enabled=\u00bboff\u00bb button_one_border_width__hover_enabled=\u00bboff\u00bb button_two_border_width__hover_enabled=\u00bboff\u00bb button_border_color__hover_enabled=\u00bboff\u00bb button_one_border_color__hover_enabled=\u00bboff\u00bb button_two_border_color__hover_enabled=\u00bboff\u00bb button_border_radius__hover_enabled=\u00bboff\u00bb button_one_border_radius__hover_enabled=\u00bboff\u00bb button_two_border_radius__hover_enabled=\u00bboff\u00bb button_letter_spacing__hover_enabled=\u00bbon\u00bb button_letter_spacing__hover=\u00bb2px\u00bb button_one_letter_spacing__hover_enabled=\u00bboff\u00bb button_two_letter_spacing__hover_enabled=\u00bboff\u00bb button_bg_color__hover_enabled=\u00bbon|hover\u00bb button_one_bg_color__hover_enabled=\u00bboff\u00bb button_two_bg_color__hover_enabled=\u00bboff\u00bb button_text_color__hover=\u00bb#0DB14B\u00bb button_bg_color__hover=\u00bb#FFFFFF\u00bb][\/et_pb_button][\/et_pb_column][\/et_pb_row][\/et_pb_section]<\/p>\n","protected":false},"excerpt":{"rendered":"<p>Romacon Split BarrelSplit Barrel La abrazadera de reparaci\u00f3n de barrilete dividido Romacon se utiliza para reparar acoplamientos con fugas, acoplamientos de AC rotos, conexiones de juntas de campana con fugas y tuber\u00edas de alta presi\u00f3n. para agua, gas y fluidos petroqu\u00edmicos. Aplicaci\u00f3n: Con al abrazadera de reparaci\u00f3n de barrilete dividido se puede reparar la tuber\u00eda [&hellip;]<\/p>\n","protected":false},"author":1,"featured_media":0,"parent":4164,"menu_order":0,"comment_status":"closed","ping_status":"closed","template":"","meta":{"_et_pb_use_builder":"on","_et_pb_old_content":"","_et_gb_content_width":"","inline_featured_image":false,"footnotes":""},"class_list":["post-4281","page","type-page","status-publish","hentry"],"yoast_head":"<!-- This site is optimized with the Yoast SEO plugin v27.2 - https:\/\/yoast.com\/product\/yoast-seo-wordpress\/ -->\n<title>Split Barrel - Romacon<\/title>\n<meta name=\"robots\" content=\"index, follow, max-snippet:-1, max-image-preview:large, max-video-preview:-1\" \/>\n<link rel=\"canonical\" href=\"https:\/\/www.romacon.com\/es\/productos\/las-abrazaderas-de-reparacion\/split-barrel\/\" \/>\n<meta property=\"og:locale\" content=\"es_ES\" \/>\n<meta property=\"og:type\" content=\"article\" \/>\n<meta property=\"og:title\" content=\"Split Barrel - Romacon\" \/>\n<meta property=\"og:description\" content=\"Romacon Split BarrelSplit Barrel La abrazadera de reparaci\u00f3n de barrilete dividido Romacon se utiliza para reparar acoplamientos con fugas, acoplamientos de AC rotos, conexiones de juntas de campana con fugas y tuber\u00edas de alta presi\u00f3n. para agua, gas y fluidos petroqu\u00edmicos. Aplicaci\u00f3n: Con al abrazadera de reparaci\u00f3n de barrilete dividido se puede reparar la tuber\u00eda [&hellip;]\" \/>\n<meta property=\"og:url\" content=\"https:\/\/www.romacon.com\/es\/productos\/las-abrazaderas-de-reparacion\/split-barrel\/\" \/>\n<meta property=\"og:site_name\" content=\"Romacon\" \/>\n<meta property=\"article:modified_time\" content=\"2022-07-05T14:04:03+00:00\" \/>\n<meta name=\"twitter:card\" content=\"summary_large_image\" \/>\n<meta name=\"twitter:label1\" content=\"Tiempo de lectura\" \/>\n\t<meta name=\"twitter:data1\" content=\"8 minutos\" \/>\n<script type=\"application\/ld+json\" class=\"yoast-schema-graph\">{\"@context\":\"https:\/\/schema.org\",\"@graph\":[{\"@type\":\"WebPage\",\"@id\":\"https:\/\/www.romacon.com\/es\/productos\/las-abrazaderas-de-reparacion\/split-barrel\/\",\"url\":\"https:\/\/www.romacon.com\/es\/productos\/las-abrazaderas-de-reparacion\/split-barrel\/\",\"name\":\"Split Barrel - Romacon\",\"isPartOf\":{\"@id\":\"https:\/\/www.romacon.com\/es\/#website\"},\"datePublished\":\"2021-04-29T09:21:20+00:00\",\"dateModified\":\"2022-07-05T14:04:03+00:00\",\"breadcrumb\":{\"@id\":\"https:\/\/www.romacon.com\/es\/productos\/las-abrazaderas-de-reparacion\/split-barrel\/#breadcrumb\"},\"inLanguage\":\"es\",\"potentialAction\":[{\"@type\":\"ReadAction\",\"target\":[\"https:\/\/www.romacon.com\/es\/productos\/las-abrazaderas-de-reparacion\/split-barrel\/\"]}]},{\"@type\":\"BreadcrumbList\",\"@id\":\"https:\/\/www.romacon.com\/es\/productos\/las-abrazaderas-de-reparacion\/split-barrel\/#breadcrumb\",\"itemListElement\":[{\"@type\":\"ListItem\",\"position\":1,\"name\":\"Home\",\"item\":\"https:\/\/www.romacon.com\/es\/pagina-principal\/\"},{\"@type\":\"ListItem\",\"position\":2,\"name\":\"Productos\",\"item\":\"https:\/\/www.romacon.com\/es\/productos\/\"},{\"@type\":\"ListItem\",\"position\":3,\"name\":\"Las abrazaderas de reparaci\u00f3n\",\"item\":\"https:\/\/www.romacon.com\/es\/productos\/las-abrazaderas-de-reparacion\/\"},{\"@type\":\"ListItem\",\"position\":4,\"name\":\"Split Barrel\"}]},{\"@type\":\"WebSite\",\"@id\":\"https:\/\/www.romacon.com\/es\/#website\",\"url\":\"https:\/\/www.romacon.com\/es\/\",\"name\":\"Romacon\",\"description\":\"Romacon\",\"potentialAction\":[{\"@type\":\"SearchAction\",\"target\":{\"@type\":\"EntryPoint\",\"urlTemplate\":\"https:\/\/www.romacon.com\/es\/?s={search_term_string}\"},\"query-input\":{\"@type\":\"PropertyValueSpecification\",\"valueRequired\":true,\"valueName\":\"search_term_string\"}}],\"inLanguage\":\"es\"}]}<\/script>\n<!-- \/ Yoast SEO plugin. -->","yoast_head_json":{"title":"Split Barrel - Romacon","robots":{"index":"index","follow":"follow","max-snippet":"max-snippet:-1","max-image-preview":"max-image-preview:large","max-video-preview":"max-video-preview:-1"},"canonical":"https:\/\/www.romacon.com\/es\/productos\/las-abrazaderas-de-reparacion\/split-barrel\/","og_locale":"es_ES","og_type":"article","og_title":"Split Barrel - Romacon","og_description":"Romacon Split BarrelSplit Barrel La abrazadera de reparaci\u00f3n de barrilete dividido Romacon se utiliza para reparar acoplamientos con fugas, acoplamientos de AC rotos, conexiones de juntas de campana con fugas y tuber\u00edas de alta presi\u00f3n. para agua, gas y fluidos petroqu\u00edmicos. Aplicaci\u00f3n: Con al abrazadera de reparaci\u00f3n de barrilete dividido se puede reparar la tuber\u00eda [&hellip;]","og_url":"https:\/\/www.romacon.com\/es\/productos\/las-abrazaderas-de-reparacion\/split-barrel\/","og_site_name":"Romacon","article_modified_time":"2022-07-05T14:04:03+00:00","twitter_card":"summary_large_image","twitter_misc":{"Tiempo de lectura":"8 minutos"},"schema":{"@context":"https:\/\/schema.org","@graph":[{"@type":"WebPage","@id":"https:\/\/www.romacon.com\/es\/productos\/las-abrazaderas-de-reparacion\/split-barrel\/","url":"https:\/\/www.romacon.com\/es\/productos\/las-abrazaderas-de-reparacion\/split-barrel\/","name":"Split Barrel - Romacon","isPartOf":{"@id":"https:\/\/www.romacon.com\/es\/#website"},"datePublished":"2021-04-29T09:21:20+00:00","dateModified":"2022-07-05T14:04:03+00:00","breadcrumb":{"@id":"https:\/\/www.romacon.com\/es\/productos\/las-abrazaderas-de-reparacion\/split-barrel\/#breadcrumb"},"inLanguage":"es","potentialAction":[{"@type":"ReadAction","target":["https:\/\/www.romacon.com\/es\/productos\/las-abrazaderas-de-reparacion\/split-barrel\/"]}]},{"@type":"BreadcrumbList","@id":"https:\/\/www.romacon.com\/es\/productos\/las-abrazaderas-de-reparacion\/split-barrel\/#breadcrumb","itemListElement":[{"@type":"ListItem","position":1,"name":"Home","item":"https:\/\/www.romacon.com\/es\/pagina-principal\/"},{"@type":"ListItem","position":2,"name":"Productos","item":"https:\/\/www.romacon.com\/es\/productos\/"},{"@type":"ListItem","position":3,"name":"Las abrazaderas de reparaci\u00f3n","item":"https:\/\/www.romacon.com\/es\/productos\/las-abrazaderas-de-reparacion\/"},{"@type":"ListItem","position":4,"name":"Split Barrel"}]},{"@type":"WebSite","@id":"https:\/\/www.romacon.com\/es\/#website","url":"https:\/\/www.romacon.com\/es\/","name":"Romacon","description":"Romacon","potentialAction":[{"@type":"SearchAction","target":{"@type":"EntryPoint","urlTemplate":"https:\/\/www.romacon.com\/es\/?s={search_term_string}"},"query-input":{"@type":"PropertyValueSpecification","valueRequired":true,"valueName":"search_term_string"}}],"inLanguage":"es"}]}},"_links":{"self":[{"href":"https:\/\/www.romacon.com\/es\/wp-json\/wp\/v2\/pages\/4281","targetHints":{"allow":["GET"]}}],"collection":[{"href":"https:\/\/www.romacon.com\/es\/wp-json\/wp\/v2\/pages"}],"about":[{"href":"https:\/\/www.romacon.com\/es\/wp-json\/wp\/v2\/types\/page"}],"author":[{"embeddable":true,"href":"https:\/\/www.romacon.com\/es\/wp-json\/wp\/v2\/users\/1"}],"replies":[{"embeddable":true,"href":"https:\/\/www.romacon.com\/es\/wp-json\/wp\/v2\/comments?post=4281"}],"version-history":[{"count":12,"href":"https:\/\/www.romacon.com\/es\/wp-json\/wp\/v2\/pages\/4281\/revisions"}],"predecessor-version":[{"id":7496,"href":"https:\/\/www.romacon.com\/es\/wp-json\/wp\/v2\/pages\/4281\/revisions\/7496"}],"up":[{"embeddable":true,"href":"https:\/\/www.romacon.com\/es\/wp-json\/wp\/v2\/pages\/4164"}],"wp:attachment":[{"href":"https:\/\/www.romacon.com\/es\/wp-json\/wp\/v2\/media?parent=4281"}],"curies":[{"name":"wp","href":"https:\/\/api.w.org\/{rel}","templated":true}]}}