{"id":4215,"date":"2021-04-29T08:44:18","date_gmt":"2021-04-29T08:44:18","guid":{"rendered":"https:\/\/mb-dev.online\/huwa\/productos\/las-abrazaderas-de-reparacion\/abrazadera-de-reparacion-interior\/"},"modified":"2022-07-05T13:22:25","modified_gmt":"2022-07-05T13:22:25","slug":"abrazadera-de-reparacion-interior","status":"publish","type":"page","link":"https:\/\/www.romacon.com\/es\/productos\/las-abrazaderas-de-reparacion\/abrazadera-de-reparacion-interior\/","title":{"rendered":"Abrazadera de reparaci\u00f3n interior"},"content":{"rendered":"<p>[et_pb_section fb_built=\u00bb1&#8243; admin_label=\u00bbHeader\u00bb module_class=\u00bbhome3-header\u00bb _builder_version=\u00bb4.16&#8243; background_color=\u00bbrgba(0,0,0,0)\u00bb use_background_color_gradient=\u00bbon\u00bb background_color_gradient_stops=\u00bbrgba(136,136,136,0.81) 100%|rgba(0,0,0,0) 100%\u00bb background_color_gradient_overlays_image=\u00bbon\u00bb background_color_gradient_start=\u00bbrgba(136,136,136,0.81)\u00bb background_color_gradient_start_position=\u00bb100%\u00bb background_color_gradient_end=\u00bbrgba(0,0,0,0)\u00bb background_image=\u00bbhttps:\/\/www.romacon.com\/wp-content\/uploads\/2021\/03\/HUWA-bedrijfspand.jpg\u00bb background_enable_video_mp4=\u00bboff\u00bb custom_margin=\u00bb||||false\u00bb custom_padding=\u00bb3vw||3vw||false|false\u00bb locked=\u00bboff\u00bb global_colors_info=\u00bb{}\u00bb][et_pb_row use_custom_gutter=\u00bbon\u00bb gutter_width=\u00bb1&#8243; _builder_version=\u00bb4.16&#8243; width=\u00bb100%\u00bb max_width=\u00bb70%\u00bb module_alignment=\u00bbcenter\u00bb custom_margin=\u00bb||||false|false\u00bb use_custom_width=\u00bbon\u00bb custom_width_px=\u00bb700px\u00bb global_colors_info=\u00bb{}\u00bb][et_pb_column type=\u00bb4_4&#8243; _builder_version=\u00bb4.16&#8243; custom_padding=\u00bb|||\u00bb global_colors_info=\u00bb{}\u00bb custom_padding__hover=\u00bb|||\u00bb][et_pb_text _builder_version=\u00bb4.17.4&#8243; text_font=\u00bb||||||||\u00bb header_font=\u00bb|700|||||||\u00bb header_font_size=\u00bb48px\u00bb header_line_height=\u00bb1.5em\u00bb header_3_font=\u00bb|700|||||||\u00bb header_3_text_color=\u00bb#0DB14B\u00bb header_3_font_size=\u00bb14px\u00bb header_3_letter_spacing=\u00bb2px\u00bb header_3_line_height=\u00bb2em\u00bb background_layout=\u00bbdark\u00bb hover_enabled=\u00bb0&#8243; header_font_size_tablet=\u00bb38px\u00bb header_font_size_phone=\u00bb28px\u00bb header_font_size_last_edited=\u00bbon|phone\u00bb global_colors_info=\u00bb{}\u00bb sticky_enabled=\u00bb0&#8243;]<\/p>\n<h3>Romacon Acero inoxidable<\/h3>\n<h1>Abrazadera de reparaci\u00f3n interior<\/h1>\n<p>[\/et_pb_text][et_pb_divider color=\u00bb#0DB14B\u00bb divider_weight=\u00bb4px\u00bb _builder_version=\u00bb4.17.4&#8243; max_width=\u00bb140px\u00bb module_alignment=\u00bbleft\u00bb height=\u00bb4px\u00bb hover_enabled=\u00bb0&#8243; global_colors_info=\u00bb{}\u00bb sticky_enabled=\u00bb0&#8243;][\/et_pb_divider][\/et_pb_column][\/et_pb_row][\/et_pb_section][et_pb_section fb_built=\u00bb1&#8243; admin_label=\u00bbContact Info\u00bb module_class=\u00bbproduct-rij-home3&#8243; _builder_version=\u00bb4.16&#8243; global_colors_info=\u00bb{}\u00bb][et_pb_row column_structure=\u00bb2_5,3_5&#8243; _builder_version=\u00bb4.16&#8243; background_color=\u00bb#ffffff\u00bb width=\u00bb100%\u00bb max_width=\u00bb70%\u00bb max_width_tablet=\u00bb\u00bb max_width_phone=\u00bb90%\u00bb max_width_last_edited=\u00bbon|phone\u00bb custom_margin=\u00bb||||false|false\u00bb custom_padding=\u00bb30px|40px|30px|40px|true|true\u00bb animation_style=\u00bbzoom\u00bb animation_intensity_zoom=\u00bb20%\u00bb border_width_all=\u00bb3px\u00bb border_color_all=\u00bb#eff5f7&#8243; box_shadow_style=\u00bbpreset3&#8243; box_shadow_vertical=\u00bb40px\u00bb box_shadow_blur=\u00bb60px\u00bb box_shadow_spread=\u00bb-10px\u00bb box_shadow_color=\u00bbrgba(0,0,0,0.03)\u00bb use_custom_width=\u00bbon\u00bb custom_width_px=\u00bb1280px\u00bb global_colors_info=\u00bb{}\u00bb][et_pb_column type=\u00bb2_5&#8243; _builder_version=\u00bb4.16&#8243; custom_padding=\u00bb|||\u00bb global_colors_info=\u00bb{}\u00bb custom_padding__hover=\u00bb|||\u00bb][et_pb_image src=\u00bbhttps:\/\/www.romacon.com\/wp-content\/uploads\/2022\/06\/Romacon-roestvastalen-inwendige-reparatieklem.jpg\u00bb alt=\u00bbRomacon Abrazadera de reparaci\u00f3n interior\u00bb title_text=\u00bbRomacon Abrazadera de reparaci\u00f3n interior\u00bb _builder_version=\u00bb4.17.4&#8243; _module_preset=\u00bbdefault\u00bb width=\u00bb100%\u00bb hover_enabled=\u00bb0&#8243; global_colors_info=\u00bb{}\u00bb sticky_enabled=\u00bb0&#8243;][\/et_pb_image][\/et_pb_column][et_pb_column type=\u00bb3_5&#8243; _builder_version=\u00bb4.16&#8243; custom_padding=\u00bb|||\u00bb global_colors_info=\u00bb{}\u00bb custom_padding__hover=\u00bb|||\u00bb][et_pb_text _builder_version=\u00bb4.17.4&#8243; _module_preset=\u00bbdefault\u00bb link_font=\u00bb|700|||||||\u00bb hover_enabled=\u00bb0&#8243; global_colors_info=\u00bb{}\u00bb sticky_enabled=\u00bb0&#8243;]<\/p>\n<h2><strong>Abrazadera de reparaci\u00f3n interior<\/strong><\/h2>\n<p>Las abrazaderas de reparaci\u00f3n interna Romacon se utilizan en reparaciones permanentes de tuber\u00edas rotas y da\u00f1adas desde el interior.<\/p>\n<p><strong>para agua, gas y fluidos petroqu\u00edmicos.<\/strong><\/p>\n<p>Aplicaci\u00f3n:<\/p>\n<p>La abrazadera de reparaci\u00f3n interna de Romacon se puede instalar en el interior de tuber\u00edas de diversos materiales, de 20 pulgadas \/ 500 mm y tama\u00f1os superiores, y se puede ejercer una presi\u00f3n de trabajo m\u00e1xima de 240 psi \/ 16 bar. El perfil especial del lado externo de la junta de goma garantizar\u00e1 una superficie de sellado completa entre las secciones de expansi\u00f3n y la tuber\u00eda que se vaya a reparar.<\/p>\n<p>[\/et_pb_text][et_pb_button button_url=\u00bb@ET-DC@eyJkeW5hbWljIjp0cnVlLCJjb250ZW50IjoicG9zdF9saW5rX3VybF9hdHRhY2htZW50Iiwic2V0dGluZ3MiOnsicG9zdF9pZCI6IjcwNzkifX0=@\u00bb url_new_window=\u00bbon\u00bb button_text=\u00bbDescargar folleto completo\u00bb _builder_version=\u00bb4.17.4&#8243; _dynamic_attributes=\u00bbbutton_url\u00bb _module_preset=\u00bbdefault\u00bb custom_button=\u00bbon\u00bb button_text_size=\u00bb15px\u00bb button_text_color=\u00bb#0DB14B\u00bb button_border_width=\u00bb0px\u00bb button_font=\u00bb|700|||||||\u00bb custom_margin=\u00bb-2px|||||\u00bb locked=\u00bboff\u00bb global_colors_info=\u00bb{}\u00bb hover_enabled=\u00bb0&#8243; sticky_enabled=\u00bb0&#8243;][\/et_pb_button][et_pb_button button_url=\u00bb@ET-DC@eyJkeW5hbWljIjp0cnVlLCJjb250ZW50IjoicG9zdF9saW5rX3VybF9wYWdlIiwic2V0dGluZ3MiOnsicG9zdF9pZCI6IjIzMTkifX0=@\u00bb button_text=\u00bbCont\u00e1ctenos\u00bb button_alignment=\u00bbleft\u00bb _builder_version=\u00bb4.16&#8243; _dynamic_attributes=\u00bbbutton_url\u00bb custom_button=\u00bbon\u00bb button_text_size=\u00bb12px\u00bb button_text_color=\u00bb#ffffff\u00bb button_bg_color=\u00bb#0DB14B\u00bb button_border_color=\u00bbrgba(0,0,0,0)\u00bb button_border_radius=\u00bb0px\u00bb button_letter_spacing=\u00bb2px\u00bb button_font=\u00bb|700||on|||||\u00bb button_use_icon=\u00bboff\u00bb custom_padding=\u00bb16px|32px|16px|32px|true|true\u00bb box_shadow_style=\u00bbpreset1&#8243; box_shadow_spread=\u00bb-8px\u00bb box_shadow_color=\u00bb#686868&#8243; button_letter_spacing_hover=\u00bb2px\u00bb locked=\u00bboff\u00bb global_colors_info=\u00bb{}\u00bb button_text_size__hover_enabled=\u00bboff\u00bb button_one_text_size__hover_enabled=\u00bboff\u00bb button_two_text_size__hover_enabled=\u00bboff\u00bb button_text_color__hover_enabled=\u00bbon|hover\u00bb button_one_text_color__hover_enabled=\u00bboff\u00bb button_two_text_color__hover_enabled=\u00bboff\u00bb button_border_width__hover_enabled=\u00bboff\u00bb button_one_border_width__hover_enabled=\u00bboff\u00bb button_two_border_width__hover_enabled=\u00bboff\u00bb button_border_color__hover_enabled=\u00bboff\u00bb button_one_border_color__hover_enabled=\u00bboff\u00bb button_two_border_color__hover_enabled=\u00bboff\u00bb button_border_radius__hover_enabled=\u00bboff\u00bb button_one_border_radius__hover_enabled=\u00bboff\u00bb button_two_border_radius__hover_enabled=\u00bboff\u00bb button_letter_spacing__hover_enabled=\u00bbon\u00bb button_letter_spacing__hover=\u00bb2px\u00bb button_one_letter_spacing__hover_enabled=\u00bboff\u00bb button_two_letter_spacing__hover_enabled=\u00bboff\u00bb button_bg_color__hover_enabled=\u00bbon|hover\u00bb button_one_bg_color__hover_enabled=\u00bboff\u00bb button_two_bg_color__hover_enabled=\u00bboff\u00bb button_text_color__hover=\u00bb#0DB14B\u00bb button_bg_color__hover=\u00bb#FFFFFF\u00bb][\/et_pb_button][\/et_pb_column][\/et_pb_row][\/et_pb_section][et_pb_section fb_built=\u00bb1&#8243; admin_label=\u00bbContact Info\u00bb module_class=\u00bbproduct-rij-home3&#8243; _builder_version=\u00bb4.16&#8243; custom_padding=\u00bb0px|||||\u00bb global_colors_info=\u00bb{}\u00bb][et_pb_row _builder_version=\u00bb4.16&#8243; background_color=\u00bb#ffffff\u00bb width=\u00bb100%\u00bb max_width=\u00bb70%\u00bb max_width_tablet=\u00bb\u00bb max_width_phone=\u00bb90%\u00bb max_width_last_edited=\u00bbon|phone\u00bb custom_margin=\u00bb-4px|auto||auto||\u00bb custom_padding=\u00bb30px|40px|30px|40px|true|true\u00bb animation_style=\u00bbzoom\u00bb animation_intensity_zoom=\u00bb20%\u00bb border_width_all=\u00bb3px\u00bb border_color_all=\u00bb#eff5f7&#8243; box_shadow_style=\u00bbpreset3&#8243; box_shadow_vertical=\u00bb40px\u00bb box_shadow_blur=\u00bb60px\u00bb box_shadow_spread=\u00bb-10px\u00bb box_shadow_color=\u00bbrgba(0,0,0,0.03)\u00bb use_custom_width=\u00bbon\u00bb custom_width_px=\u00bb1280px\u00bb global_colors_info=\u00bb{}\u00bb][et_pb_column type=\u00bb4_4&#8243; _builder_version=\u00bb4.16&#8243; custom_padding=\u00bb|||\u00bb global_colors_info=\u00bb{}\u00bb custom_padding__hover=\u00bb|||\u00bb][et_pb_text _builder_version=\u00bb4.17.4&#8243; _module_preset=\u00bbdefault\u00bb hover_enabled=\u00bb0&#8243; global_colors_info=\u00bb{}\u00bb sticky_enabled=\u00bb0&#8243;]<\/p>\n<p><strong>Aplicaci\u00f3n:<\/strong><br \/>\nTodos los componentes met\u00e1licos de este proceso de sellado interno simplificado est\u00e1n hechos de un material de calidad de acero inoxidable 316L y se han pasivado completamente.<\/p>\n<p>Un sistema de expansi\u00f3n, muy resistente y funcional, se encarga de la distribuci\u00f3n correcta de las fuerzas en la junta de goma, de forma que se pueda crear un sellado perfecto.<\/p>\n<p>Durante la instalaci\u00f3n de las secciones de acero inoxidable solo hay que utilizar un destornillador y una llave de trinquete. En otras palabras, no se necesita un equipo caro ni demasiado tiempo de instalaci\u00f3n. La abrazadera de reparaci\u00f3n interna Romacon cuenta con pocas piezas y es ligera, una caracter\u00edstica muy apreciada durante los procesos de expansi\u00f3n de la instalaci\u00f3n.<\/p>\n<p>Al seleccionar un sistema de construcci\u00f3n interno de perfil ultra bajo, se pueden mantener unas caracter\u00edsticas \u00f3ptimas en el flujo del agua.\n<\/p>\n<p>[\/et_pb_text][\/et_pb_column][\/et_pb_row][et_pb_row _builder_version=\u00bb4.16&#8243; _module_preset=\u00bbdefault\u00bb global_colors_info=\u00bb{}\u00bb][et_pb_column type=\u00bb4_4&#8243; _builder_version=\u00bb4.16&#8243; _module_preset=\u00bbdefault\u00bb global_colors_info=\u00bb{}\u00bb][et_pb_button button_url=\u00bb@ET-DC@eyJkeW5hbWljIjp0cnVlLCJjb250ZW50IjoicG9zdF9saW5rX3VybF9wYWdlIiwic2V0dGluZ3MiOnsicG9zdF9pZCI6IjIzMjIifX0=@\u00bb button_text=\u00bbVolver a la vista\u00bb button_alignment=\u00bbcenter\u00bb _builder_version=\u00bb4.16&#8243; _dynamic_attributes=\u00bbbutton_url\u00bb custom_button=\u00bbon\u00bb button_text_size=\u00bb12px\u00bb button_text_color=\u00bb#ffffff\u00bb button_bg_color=\u00bb#0DB14B\u00bb button_border_color=\u00bbrgba(0,0,0,0)\u00bb button_border_radius=\u00bb0px\u00bb button_letter_spacing=\u00bb2px\u00bb button_font=\u00bb|700||on|||||\u00bb button_use_icon=\u00bboff\u00bb custom_padding=\u00bb16px|32px|16px|32px|true|true\u00bb box_shadow_style=\u00bbpreset1&#8243; box_shadow_spread=\u00bb-8px\u00bb box_shadow_color=\u00bb#686868&#8243; button_letter_spacing_hover=\u00bb2px\u00bb locked=\u00bboff\u00bb global_colors_info=\u00bb{}\u00bb button_text_size__hover_enabled=\u00bboff\u00bb button_one_text_size__hover_enabled=\u00bboff\u00bb button_two_text_size__hover_enabled=\u00bboff\u00bb button_text_color__hover_enabled=\u00bbon|hover\u00bb button_one_text_color__hover_enabled=\u00bboff\u00bb button_two_text_color__hover_enabled=\u00bboff\u00bb button_border_width__hover_enabled=\u00bboff\u00bb button_one_border_width__hover_enabled=\u00bboff\u00bb button_two_border_width__hover_enabled=\u00bboff\u00bb button_border_color__hover_enabled=\u00bboff\u00bb button_one_border_color__hover_enabled=\u00bboff\u00bb button_two_border_color__hover_enabled=\u00bboff\u00bb button_border_radius__hover_enabled=\u00bboff\u00bb button_one_border_radius__hover_enabled=\u00bboff\u00bb button_two_border_radius__hover_enabled=\u00bboff\u00bb button_letter_spacing__hover_enabled=\u00bbon\u00bb button_letter_spacing__hover=\u00bb2px\u00bb button_one_letter_spacing__hover_enabled=\u00bboff\u00bb button_two_letter_spacing__hover_enabled=\u00bboff\u00bb button_bg_color__hover_enabled=\u00bbon|hover\u00bb button_one_bg_color__hover_enabled=\u00bboff\u00bb button_two_bg_color__hover_enabled=\u00bboff\u00bb button_text_color__hover=\u00bb#0DB14B\u00bb button_bg_color__hover=\u00bb#FFFFFF\u00bb][\/et_pb_button][\/et_pb_column][\/et_pb_row][\/et_pb_section]<\/p>\n","protected":false},"excerpt":{"rendered":"<p>Romacon Acero inoxidable Abrazadera de reparaci\u00f3n interiorAbrazadera de reparaci\u00f3n interior Las abrazaderas de reparaci\u00f3n interna Romacon se utilizan en reparaciones permanentes de tuber\u00edas rotas y da\u00f1adas desde el interior. para agua, gas y fluidos petroqu\u00edmicos. Aplicaci\u00f3n: La abrazadera de reparaci\u00f3n interna de Romacon se puede instalar en el interior de tuber\u00edas de diversos materiales, de [&hellip;]<\/p>\n","protected":false},"author":1,"featured_media":0,"parent":4164,"menu_order":0,"comment_status":"closed","ping_status":"closed","template":"","meta":{"_et_pb_use_builder":"on","_et_pb_old_content":"","_et_gb_content_width":"","inline_featured_image":false,"footnotes":""},"class_list":["post-4215","page","type-page","status-publish","hentry"],"yoast_head":"<!-- This site is optimized with the Yoast SEO plugin v27.6 - https:\/\/yoast.com\/product\/yoast-seo-wordpress\/ -->\n<title>Abrazadera de reparaci\u00f3n interior - Romacon<\/title>\n<meta name=\"robots\" content=\"index, follow, max-snippet:-1, max-image-preview:large, max-video-preview:-1\" \/>\n<link rel=\"canonical\" href=\"https:\/\/www.romacon.com\/es\/productos\/las-abrazaderas-de-reparacion\/abrazadera-de-reparacion-interior\/\" \/>\n<meta property=\"og:locale\" content=\"es_ES\" \/>\n<meta property=\"og:type\" content=\"article\" \/>\n<meta property=\"og:title\" content=\"Abrazadera de reparaci\u00f3n interior - Romacon\" \/>\n<meta property=\"og:description\" content=\"Romacon Acero inoxidable Abrazadera de reparaci\u00f3n interiorAbrazadera de reparaci\u00f3n interior Las abrazaderas de reparaci\u00f3n interna Romacon se utilizan en reparaciones permanentes de tuber\u00edas rotas y da\u00f1adas desde el interior. para agua, gas y fluidos petroqu\u00edmicos. Aplicaci\u00f3n: La abrazadera de reparaci\u00f3n interna de Romacon se puede instalar en el interior de tuber\u00edas de diversos materiales, de [&hellip;]\" \/>\n<meta property=\"og:url\" content=\"https:\/\/www.romacon.com\/es\/productos\/las-abrazaderas-de-reparacion\/abrazadera-de-reparacion-interior\/\" \/>\n<meta property=\"og:site_name\" content=\"Romacon\" \/>\n<meta property=\"article:modified_time\" content=\"2022-07-05T13:22:25+00:00\" \/>\n<meta name=\"twitter:card\" content=\"summary_large_image\" \/>\n<meta name=\"twitter:label1\" content=\"Tiempo de lectura\" \/>\n\t<meta name=\"twitter:data1\" content=\"7 minutos\" \/>\n<script type=\"application\/ld+json\" class=\"yoast-schema-graph\">{\"@context\":\"https:\\\/\\\/schema.org\",\"@graph\":[{\"@type\":\"WebPage\",\"@id\":\"https:\\\/\\\/www.romacon.com\\\/es\\\/productos\\\/las-abrazaderas-de-reparacion\\\/abrazadera-de-reparacion-interior\\\/\",\"url\":\"https:\\\/\\\/www.romacon.com\\\/es\\\/productos\\\/las-abrazaderas-de-reparacion\\\/abrazadera-de-reparacion-interior\\\/\",\"name\":\"Abrazadera de reparaci\u00f3n interior - Romacon\",\"isPartOf\":{\"@id\":\"https:\\\/\\\/www.romacon.com\\\/es\\\/#website\"},\"datePublished\":\"2021-04-29T08:44:18+00:00\",\"dateModified\":\"2022-07-05T13:22:25+00:00\",\"breadcrumb\":{\"@id\":\"https:\\\/\\\/www.romacon.com\\\/es\\\/productos\\\/las-abrazaderas-de-reparacion\\\/abrazadera-de-reparacion-interior\\\/#breadcrumb\"},\"inLanguage\":\"es\",\"potentialAction\":[{\"@type\":\"ReadAction\",\"target\":[\"https:\\\/\\\/www.romacon.com\\\/es\\\/productos\\\/las-abrazaderas-de-reparacion\\\/abrazadera-de-reparacion-interior\\\/\"]}]},{\"@type\":\"BreadcrumbList\",\"@id\":\"https:\\\/\\\/www.romacon.com\\\/es\\\/productos\\\/las-abrazaderas-de-reparacion\\\/abrazadera-de-reparacion-interior\\\/#breadcrumb\",\"itemListElement\":[{\"@type\":\"ListItem\",\"position\":1,\"name\":\"Home\",\"item\":\"https:\\\/\\\/www.romacon.com\\\/es\\\/pagina-principal\\\/\"},{\"@type\":\"ListItem\",\"position\":2,\"name\":\"Productos\",\"item\":\"https:\\\/\\\/www.romacon.com\\\/es\\\/productos\\\/\"},{\"@type\":\"ListItem\",\"position\":3,\"name\":\"Las abrazaderas de reparaci\u00f3n\",\"item\":\"https:\\\/\\\/www.romacon.com\\\/es\\\/productos\\\/las-abrazaderas-de-reparacion\\\/\"},{\"@type\":\"ListItem\",\"position\":4,\"name\":\"Abrazadera de reparaci\u00f3n interior\"}]},{\"@type\":\"WebSite\",\"@id\":\"https:\\\/\\\/www.romacon.com\\\/es\\\/#website\",\"url\":\"https:\\\/\\\/www.romacon.com\\\/es\\\/\",\"name\":\"Romacon\",\"description\":\"Romacon\",\"potentialAction\":[{\"@type\":\"SearchAction\",\"target\":{\"@type\":\"EntryPoint\",\"urlTemplate\":\"https:\\\/\\\/www.romacon.com\\\/es\\\/?s={search_term_string}\"},\"query-input\":{\"@type\":\"PropertyValueSpecification\",\"valueRequired\":true,\"valueName\":\"search_term_string\"}}],\"inLanguage\":\"es\"}]}<\/script>\n<!-- \/ Yoast SEO plugin. -->","yoast_head_json":{"title":"Abrazadera de reparaci\u00f3n interior - Romacon","robots":{"index":"index","follow":"follow","max-snippet":"max-snippet:-1","max-image-preview":"max-image-preview:large","max-video-preview":"max-video-preview:-1"},"canonical":"https:\/\/www.romacon.com\/es\/productos\/las-abrazaderas-de-reparacion\/abrazadera-de-reparacion-interior\/","og_locale":"es_ES","og_type":"article","og_title":"Abrazadera de reparaci\u00f3n interior - Romacon","og_description":"Romacon Acero inoxidable Abrazadera de reparaci\u00f3n interiorAbrazadera de reparaci\u00f3n interior Las abrazaderas de reparaci\u00f3n interna Romacon se utilizan en reparaciones permanentes de tuber\u00edas rotas y da\u00f1adas desde el interior. para agua, gas y fluidos petroqu\u00edmicos. Aplicaci\u00f3n: La abrazadera de reparaci\u00f3n interna de Romacon se puede instalar en el interior de tuber\u00edas de diversos materiales, de [&hellip;]","og_url":"https:\/\/www.romacon.com\/es\/productos\/las-abrazaderas-de-reparacion\/abrazadera-de-reparacion-interior\/","og_site_name":"Romacon","article_modified_time":"2022-07-05T13:22:25+00:00","twitter_card":"summary_large_image","twitter_misc":{"Tiempo de lectura":"7 minutos"},"schema":{"@context":"https:\/\/schema.org","@graph":[{"@type":"WebPage","@id":"https:\/\/www.romacon.com\/es\/productos\/las-abrazaderas-de-reparacion\/abrazadera-de-reparacion-interior\/","url":"https:\/\/www.romacon.com\/es\/productos\/las-abrazaderas-de-reparacion\/abrazadera-de-reparacion-interior\/","name":"Abrazadera de reparaci\u00f3n interior - Romacon","isPartOf":{"@id":"https:\/\/www.romacon.com\/es\/#website"},"datePublished":"2021-04-29T08:44:18+00:00","dateModified":"2022-07-05T13:22:25+00:00","breadcrumb":{"@id":"https:\/\/www.romacon.com\/es\/productos\/las-abrazaderas-de-reparacion\/abrazadera-de-reparacion-interior\/#breadcrumb"},"inLanguage":"es","potentialAction":[{"@type":"ReadAction","target":["https:\/\/www.romacon.com\/es\/productos\/las-abrazaderas-de-reparacion\/abrazadera-de-reparacion-interior\/"]}]},{"@type":"BreadcrumbList","@id":"https:\/\/www.romacon.com\/es\/productos\/las-abrazaderas-de-reparacion\/abrazadera-de-reparacion-interior\/#breadcrumb","itemListElement":[{"@type":"ListItem","position":1,"name":"Home","item":"https:\/\/www.romacon.com\/es\/pagina-principal\/"},{"@type":"ListItem","position":2,"name":"Productos","item":"https:\/\/www.romacon.com\/es\/productos\/"},{"@type":"ListItem","position":3,"name":"Las abrazaderas de reparaci\u00f3n","item":"https:\/\/www.romacon.com\/es\/productos\/las-abrazaderas-de-reparacion\/"},{"@type":"ListItem","position":4,"name":"Abrazadera de reparaci\u00f3n interior"}]},{"@type":"WebSite","@id":"https:\/\/www.romacon.com\/es\/#website","url":"https:\/\/www.romacon.com\/es\/","name":"Romacon","description":"Romacon","potentialAction":[{"@type":"SearchAction","target":{"@type":"EntryPoint","urlTemplate":"https:\/\/www.romacon.com\/es\/?s={search_term_string}"},"query-input":{"@type":"PropertyValueSpecification","valueRequired":true,"valueName":"search_term_string"}}],"inLanguage":"es"}]}},"_links":{"self":[{"href":"https:\/\/www.romacon.com\/es\/wp-json\/wp\/v2\/pages\/4215","targetHints":{"allow":["GET"]}}],"collection":[{"href":"https:\/\/www.romacon.com\/es\/wp-json\/wp\/v2\/pages"}],"about":[{"href":"https:\/\/www.romacon.com\/es\/wp-json\/wp\/v2\/types\/page"}],"author":[{"embeddable":true,"href":"https:\/\/www.romacon.com\/es\/wp-json\/wp\/v2\/users\/1"}],"replies":[{"embeddable":true,"href":"https:\/\/www.romacon.com\/es\/wp-json\/wp\/v2\/comments?post=4215"}],"version-history":[{"count":14,"href":"https:\/\/www.romacon.com\/es\/wp-json\/wp\/v2\/pages\/4215\/revisions"}],"predecessor-version":[{"id":7384,"href":"https:\/\/www.romacon.com\/es\/wp-json\/wp\/v2\/pages\/4215\/revisions\/7384"}],"up":[{"embeddable":true,"href":"https:\/\/www.romacon.com\/es\/wp-json\/wp\/v2\/pages\/4164"}],"wp:attachment":[{"href":"https:\/\/www.romacon.com\/es\/wp-json\/wp\/v2\/media?parent=4215"}],"curies":[{"name":"wp","href":"https:\/\/api.w.org\/{rel}","templated":true}]}}